{"id":1943,"date":"2022-07-15T14:51:31","date_gmt":"2022-07-15T13:51:31","guid":{"rendered":"https:\/\/www.celian.dominocom.lu\/?page_id=1943"},"modified":"2022-07-20T16:45:53","modified_gmt":"2022-07-20T15:45:53","slug":"mentions-legales","status":"publish","type":"page","link":"https:\/\/www.celian.lu\/fr\/mentions-legales\/","title":{"rendered":"Mentions l\u00e9gales"},"content":{"rendered":"<p>Le site www.celian.lu appartient \u00e0 CELIAN SARL, entreprise domicili\u00e9e au 1 Rue Auguste Liesch L-3474 Dudelange.<\/p>\n<p>Les pr\u00e9sentes mentions incluent les conditions d&rsquo;utilisation et le cadre de protection des donn\u00e9es ayant pour objet d&rsquo;encadrer l&rsquo;utilisation du Site par les Utilisateurs et de les informer de leurs droits et obligations.<\/p>\n<p>Nom ou Raison sociale : CELIAN SARL<br \/>\nAdresse : 1 Rue Auguste Liesch L-3474 Dudelange<br \/>\nCourriel : contact@celian.lu<br \/>\nT\u00e9l\u00e9phone : +352 261 295 26<\/p>\n<p>&nbsp;<\/p>\n<p><strong><br \/>\nResponsable de la publication :<\/strong> Astrid Semiglazoff<br \/>\nCourriel : contact@celian.lu<br \/>\nT\u00e9l\u00e9phone : +352 261 295 26<\/p>\n<p>&nbsp;<\/p>\n<p>Le Site est \u00e9dit\u00e9 et d\u00e9velopp\u00e9 par Domino Communication<br \/>\n<strong>Design et d\u00e9veloppements :<\/strong><br \/>\nDomino Communication<br \/>\n2 Gilsduerferstrooss<br \/>\nL-9366 Ermsdorf, Luxembourg.<br \/>\nwww.dominocom.com<\/p>\n<p><strong><br \/>\nH\u00e9bergement :<\/strong><br \/>\nOVH<br \/>\nSAS au capital de 10 069 020 \u20ac.<br \/>\nRCS Lille M\u00e9tropole 424 761 419 00045<br \/>\nCode APE 2620Z<br \/>\nN\u00b0 TVA : FR 22 424 761 419<br \/>\nSi\u00e8ge social : 2 rue Kellermann &#8211; 59100 Roubaix &#8211; France<\/p>\n<p><strong><br \/>\nConditions d&rsquo;utilisation du Site<\/strong><\/p>\n<p>Le Site www.celian.lu est un emplacement digital d\u00e9di\u00e9, notamment, \u00e0 la promotion des services propos\u00e9s par CELIAN SARL.<\/p>\n<p>Tout utilisateur naviguant sur le Site est pr\u00e9sum\u00e9 avoir accept\u00e9 les conditions d&rsquo;utilisation ci-dessous et se doit de les respecter.<\/p>\n<p>Les pr\u00e9sentes conditions d&rsquo;utilisation ne s&rsquo;appliquent pas \u00e0 des modules int\u00e9gr\u00e9s sur le site permettant la communication avec des autres sites et plateformes tiers qui ont fix\u00e9 leurs propres conditions d&rsquo;utilisation.<\/p>\n<p>Merci de bien vouloir prendre connaissance des conditions d&rsquo;utilisation de ces modules aupr\u00e8s de leurs \u00e9diteurs respectifs.<\/p>\n<p>Les pr\u00e9sentes conditions peuvent \u00eatre modifi\u00e9es \u00e0 tout moment. Toute modification sera publi\u00e9e sur le Site et tout utilisateur acc\u00e9dant au Site apr\u00e8s leur publication sera pr\u00e9sum\u00e9 avoir accept\u00e9 les modifications.<\/p>\n<p>Les pr\u00e9sentes conditions d&rsquo;utilisation sont soumises \u00e0 la loi luxembourgeoise.<\/p>\n<p><strong>Copyright<\/strong><\/p>\n<p>Le contenu complet se trouvant sur le site www.celian.lu, incluant tout logo, marque, photo, vid\u00e9o, textes, dessins, graphiques et pr\u00e9sentations appartient \u00e0 CELIAN SARL.<br \/>\nToute reproduction, diffusion, copie, adaptation, citation de tout ou partie de ce site, sur quelque support que ce soit et pour quelque utilisation que ce soit, est formellement interdite sauf autorisation pr\u00e9alable de CELIAN SARL.<br \/>\nCr\u00e9dits photos :<br \/>\nShutterstock,<br \/>\nCELIAN SARL,<br \/>\nDomino Communication,<br \/>\nCr\u00e8che Butzen Spaass.<\/p>\n<p><strong>Liens externes<\/strong><\/p>\n<p>Tous liens provenant d&rsquo;un site externe et guidant sur le Site sont soumis avant publication \u00e0 autorisation pr\u00e9alable de CELIAN SARL qui se r\u00e9serve le droit de poursuivre tout contrevenant.<\/p>\n<p>CELIAN SARL d\u00e9cline toute responsabilit\u00e9 concernant des liens pr\u00e9sents sur des sites externes qui renvoient vers le site www.celian.lu et ne pourra en aucun cas \u00eatre tenu responsable du contenu pr\u00e9sent au sein de ce site tiers par la simple existence de ces liens.<\/p>\n<p>Le Site www.celian.lu peut contenir des liens redirigeant vers des sites partenaires et\/ou des sites tiers. CELIAN SARL n&rsquo;a pas de contr\u00f4le sur ces sites tiers et ne peut en aucun cas surveiller le contenu de ces sites ou les conditions d&rsquo;utilisation, notamment en mati\u00e8re de protection de donn\u00e9es. CELIAN SARL ne pourra en aucun cas \u00eatre tenue responsable pour tout dommage subi sur un site vers lequel un de ses internautes aurait \u00e9t\u00e9 redirig\u00e9.<\/p>\n<p>Le fait de cliquer sur un lien externe dirigera automatiquement l&rsquo;utilisateur du Site vers ces sites qui sont soumis \u00e0 des conditions d&rsquo;utilisations qui leur sont propres, et non aux pr\u00e9sentes. L&rsquo;acc\u00e8s \u00e0 ces sites ext\u00e9rieurs s&rsquo;effectue aux propres risques de l&rsquo;utilisateur. CELIAN SARL ne pourra \u00eatre tenue responsable pour tout contenu pr\u00e9sent.<\/p>\n<p><strong>Responsabilit\u00e9<\/strong><\/p>\n<p>CELIAN SARL effectue des mises \u00e0 jour r\u00e9guli\u00e8res concernant le contenu et les dispositifs en place sur le Site afin de permettre \u00e0 l&rsquo;utilisateur un acc\u00e8s et et une utilisation dans les meilleures conditions.<\/p>\n<p>N\u00e9anmoins, CELIAN SARL ne peut garantir en temps r\u00e9el l&rsquo;actualit\u00e9 et l&rsquo;int\u00e9gralit\u00e9 des contenus publi\u00e9s sur le Site.<\/p>\n<p>L&rsquo;utilisateur a dans ce cadre pleinement conscience que les contenus pr\u00e9sents sur le Site sont donn\u00e9s \u00e0 titre indicatif.<\/p>\n<p>CELIAN SARL se r\u00e9serve le droit de faire des modifications sur le Site \u00e0 tout moment, et ne peut donc garantir l&rsquo;utilisateur de l&rsquo;accessibilit\u00e9 de l&rsquo;ensemble du Site sans interruption, en temps utile, en toute s\u00e9curit\u00e9 et sans erreur en permanence.<\/p>\n<p>CELIAN SARL ne peut \u00eatre tenue responsable de tout dommage caus\u00e9 \u00e0 un utilisateur par les actions d&rsquo;un tiers, qui par un moyen technique d\u00e9loyal a utilis\u00e9 les informations diffus\u00e9es sur le Site. Nous assurons toutefois mettre en pratique les moyens \u00e0 notre disposition pour lutter contre toute action de ce type, tout en \u00e9tant limit\u00e9 par les contraintes inh\u00e9rentes \u00e0 Internet.<\/p>\n<p>Le Site a \u00e9t\u00e9 d\u00e9velopp\u00e9 par Domino Communication et est mis \u00e0 jour de mani\u00e8re \u00e0 assurer son accessibilit\u00e9. Toutefois Domino Communication ne garantit en aucun cas une accessibilit\u00e9 totale du Site ni l&rsquo;absence d&rsquo;erreurs et de bugs notamment. Chaque internaute rencontrant une difficult\u00e9 dans sa navigation est invit\u00e9 \u00e0 en informer Domino Communication sans que Domino Communication soit tenu de r\u00e9soudre la difficult\u00e9.<\/p>\n<p>CELIAN SARL \u00e0 le droit de poursuivre toute personne ayant par quelque moyen que ce soit essay\u00e9 de s&rsquo;attaquer au site www.celian.lu, soit \u00e0 sa structure technique ou \u00e0 son contenu publi\u00e9.<\/p>\n","protected":false},"excerpt":{"rendered":"<p>Le site www.celian.lu appartient \u00e0 CELIAN SARL, entreprise domicili\u00e9e au 1 Rue Auguste Liesch L-3474 Dudelange. Les pr\u00e9sentes mentions incluent les conditions d&rsquo;utilisation et le cadre de protection des donn\u00e9es ayant pour objet d&rsquo;encadrer l&rsquo;utilisation du Site par les Utilisateurs et de les informer de leurs droits et obligations. Nom ou Raison sociale : CELIAN [&hellip;]<\/p>\n","protected":false},"author":3,"featured_media":0,"parent":0,"menu_order":0,"comment_status":"closed","ping_status":"closed","template":"","meta":{"site-sidebar-layout":"default","site-content-layout":"default","ast-site-content-layout":"","site-content-style":"default","site-sidebar-style":"default","ast-global-header-display":"","ast-banner-title-visibility":"","ast-main-header-display":"","ast-hfb-above-header-display":"","ast-hfb-below-header-display":"","ast-hfb-mobile-header-display":"","site-post-title":"","ast-breadcrumbs-content":"","ast-featured-img":"","footer-sml-layout":"","theme-transparent-header-meta":"default","adv-header-id-meta":"","stick-header-meta":"","header-above-stick-meta":"","header-main-stick-meta":"","header-below-stick-meta":"","astra-migrate-meta-layouts":"default","ast-page-background-enabled":"default","ast-page-background-meta":{"desktop":{"background-color":"","background-image":"","background-repeat":"repeat","background-position":"center center","background-size":"auto","background-attachment":"scroll","background-type":"","background-media":"","overlay-type":"","overlay-color":"","overlay-opacity":"","overlay-gradient":""},"tablet":{"background-color":"","background-image":"","background-repeat":"repeat","background-position":"center center","background-size":"auto","background-attachment":"scroll","background-type":"","background-media":"","overlay-type":"","overlay-color":"","overlay-opacity":"","overlay-gradient":""},"mobile":{"background-color":"","background-image":"","background-repeat":"repeat","background-position":"center center","background-size":"auto","background-attachment":"scroll","background-type":"","background-media":"","overlay-type":"","overlay-color":"","overlay-opacity":"","overlay-gradient":""}},"ast-content-background-meta":{"desktop":{"background-color":"var(--ast-global-color-5)","background-image":"","background-repeat":"repeat","background-position":"center center","background-size":"auto","background-attachment":"scroll","background-type":"","background-media":"","overlay-type":"","overlay-color":"","overlay-opacity":"","overlay-gradient":""},"tablet":{"background-color":"var(--ast-global-color-5)","background-image":"","background-repeat":"repeat","background-position":"center center","background-size":"auto","background-attachment":"scroll","background-type":"","background-media":"","overlay-type":"","overlay-color":"","overlay-opacity":"","overlay-gradient":""},"mobile":{"background-color":"var(--ast-global-color-5)","background-image":"","background-repeat":"repeat","background-position":"center center","background-size":"auto","background-attachment":"scroll","background-type":"","background-media":"","overlay-type":"","overlay-color":"","overlay-opacity":"","overlay-gradient":""}},"footnotes":""},"class_list":["post-1943","page","type-page","status-publish","hentry"],"yoast_head":"<!-- This site is optimized with the Yoast SEO plugin v27.5 - https:\/\/yoast.com\/product\/yoast-seo-wordpress\/ -->\n<title>Mentions l\u00e9gales - Celian<\/title>\n<meta name=\"robots\" content=\"index, follow, max-snippet:-1, max-image-preview:large, max-video-preview:-1\" \/>\n<link rel=\"canonical\" href=\"https:\/\/www.celian.lu\/fr\/mentions-legales\/\" \/>\n<meta property=\"og:locale\" content=\"fr_FR\" \/>\n<meta property=\"og:type\" content=\"article\" \/>\n<meta property=\"og:title\" content=\"Mentions l\u00e9gales - Celian\" \/>\n<meta property=\"og:description\" content=\"Le site www.celian.lu appartient \u00e0 CELIAN SARL, entreprise domicili\u00e9e au 1 Rue Auguste Liesch L-3474 Dudelange. Les pr\u00e9sentes mentions incluent les conditions d&rsquo;utilisation et le cadre de protection des donn\u00e9es ayant pour objet d&rsquo;encadrer l&rsquo;utilisation du Site par les Utilisateurs et de les informer de leurs droits et obligations. Nom ou Raison sociale : CELIAN [&hellip;]\" \/>\n<meta property=\"og:url\" content=\"https:\/\/www.celian.lu\/fr\/mentions-legales\/\" \/>\n<meta property=\"og:site_name\" content=\"Celian\" \/>\n<meta property=\"article:modified_time\" content=\"2022-07-20T15:45:53+00:00\" \/>\n<meta name=\"twitter:card\" content=\"summary_large_image\" \/>\n<meta name=\"twitter:label1\" content=\"Dur\u00e9e de lecture estim\u00e9e\" \/>\n\t<meta name=\"twitter:data1\" content=\"5 minutes\" \/>\n<script type=\"application\/ld+json\" class=\"yoast-schema-graph\">{\"@context\":\"https:\\\/\\\/schema.org\",\"@graph\":[{\"@type\":\"WebPage\",\"@id\":\"https:\\\/\\\/www.celian.lu\\\/fr\\\/mentions-legales\\\/\",\"url\":\"https:\\\/\\\/www.celian.lu\\\/fr\\\/mentions-legales\\\/\",\"name\":\"Mentions l\u00e9gales - Celian\",\"isPartOf\":{\"@id\":\"https:\\\/\\\/www.celian.lu\\\/fr\\\/#website\"},\"datePublished\":\"2022-07-15T13:51:31+00:00\",\"dateModified\":\"2022-07-20T15:45:53+00:00\",\"breadcrumb\":{\"@id\":\"https:\\\/\\\/www.celian.lu\\\/fr\\\/mentions-legales\\\/#breadcrumb\"},\"inLanguage\":\"fr-FR\",\"potentialAction\":[{\"@type\":\"ReadAction\",\"target\":[\"https:\\\/\\\/www.celian.lu\\\/fr\\\/mentions-legales\\\/\"]}]},{\"@type\":\"BreadcrumbList\",\"@id\":\"https:\\\/\\\/www.celian.lu\\\/fr\\\/mentions-legales\\\/#breadcrumb\",\"itemListElement\":[{\"@type\":\"ListItem\",\"position\":1,\"name\":\"Home\",\"item\":\"https:\\\/\\\/www.celian.lu\\\/fr\\\/accueil\\\/\"},{\"@type\":\"ListItem\",\"position\":2,\"name\":\"Mentions l\u00e9gales\"}]},{\"@type\":\"WebSite\",\"@id\":\"https:\\\/\\\/www.celian.lu\\\/fr\\\/#website\",\"url\":\"https:\\\/\\\/www.celian.lu\\\/fr\\\/\",\"name\":\"Celian\",\"description\":\"Agence de recrutement \u00e0 Luxembourg\",\"publisher\":{\"@id\":\"https:\\\/\\\/www.celian.lu\\\/fr\\\/#organization\"},\"potentialAction\":[{\"@type\":\"SearchAction\",\"target\":{\"@type\":\"EntryPoint\",\"urlTemplate\":\"https:\\\/\\\/www.celian.lu\\\/fr\\\/?s={search_term_string}\"},\"query-input\":{\"@type\":\"PropertyValueSpecification\",\"valueRequired\":true,\"valueName\":\"search_term_string\"}}],\"inLanguage\":\"fr-FR\"},{\"@type\":\"Organization\",\"@id\":\"https:\\\/\\\/www.celian.lu\\\/fr\\\/#organization\",\"name\":\"Celian\",\"url\":\"https:\\\/\\\/www.celian.lu\\\/fr\\\/\",\"logo\":{\"@type\":\"ImageObject\",\"inLanguage\":\"fr-FR\",\"@id\":\"https:\\\/\\\/www.celian.lu\\\/fr\\\/#\\\/schema\\\/logo\\\/image\\\/\",\"url\":\"https:\\\/\\\/www.celian.lu\\\/wp-content\\\/uploads\\\/2022\\\/03\\\/logo-celian-gris-e1658332315188.png\",\"contentUrl\":\"https:\\\/\\\/www.celian.lu\\\/wp-content\\\/uploads\\\/2022\\\/03\\\/logo-celian-gris-e1658332315188.png\",\"width\":1341,\"height\":403,\"caption\":\"Celian\"},\"image\":{\"@id\":\"https:\\\/\\\/www.celian.lu\\\/fr\\\/#\\\/schema\\\/logo\\\/image\\\/\"}}]}<\/script>\n<!-- \/ Yoast SEO plugin. -->","yoast_head_json":{"title":"Mentions l\u00e9gales - Celian","robots":{"index":"index","follow":"follow","max-snippet":"max-snippet:-1","max-image-preview":"max-image-preview:large","max-video-preview":"max-video-preview:-1"},"canonical":"https:\/\/www.celian.lu\/fr\/mentions-legales\/","og_locale":"fr_FR","og_type":"article","og_title":"Mentions l\u00e9gales - Celian","og_description":"Le site www.celian.lu appartient \u00e0 CELIAN SARL, entreprise domicili\u00e9e au 1 Rue Auguste Liesch L-3474 Dudelange. Les pr\u00e9sentes mentions incluent les conditions d&rsquo;utilisation et le cadre de protection des donn\u00e9es ayant pour objet d&rsquo;encadrer l&rsquo;utilisation du Site par les Utilisateurs et de les informer de leurs droits et obligations. Nom ou Raison sociale : CELIAN [&hellip;]","og_url":"https:\/\/www.celian.lu\/fr\/mentions-legales\/","og_site_name":"Celian","article_modified_time":"2022-07-20T15:45:53+00:00","twitter_card":"summary_large_image","twitter_misc":{"Dur\u00e9e de lecture estim\u00e9e":"5 minutes"},"schema":{"@context":"https:\/\/schema.org","@graph":[{"@type":"WebPage","@id":"https:\/\/www.celian.lu\/fr\/mentions-legales\/","url":"https:\/\/www.celian.lu\/fr\/mentions-legales\/","name":"Mentions l\u00e9gales - Celian","isPartOf":{"@id":"https:\/\/www.celian.lu\/fr\/#website"},"datePublished":"2022-07-15T13:51:31+00:00","dateModified":"2022-07-20T15:45:53+00:00","breadcrumb":{"@id":"https:\/\/www.celian.lu\/fr\/mentions-legales\/#breadcrumb"},"inLanguage":"fr-FR","potentialAction":[{"@type":"ReadAction","target":["https:\/\/www.celian.lu\/fr\/mentions-legales\/"]}]},{"@type":"BreadcrumbList","@id":"https:\/\/www.celian.lu\/fr\/mentions-legales\/#breadcrumb","itemListElement":[{"@type":"ListItem","position":1,"name":"Home","item":"https:\/\/www.celian.lu\/fr\/accueil\/"},{"@type":"ListItem","position":2,"name":"Mentions l\u00e9gales"}]},{"@type":"WebSite","@id":"https:\/\/www.celian.lu\/fr\/#website","url":"https:\/\/www.celian.lu\/fr\/","name":"Celian","description":"Agence de recrutement \u00e0 Luxembourg","publisher":{"@id":"https:\/\/www.celian.lu\/fr\/#organization"},"potentialAction":[{"@type":"SearchAction","target":{"@type":"EntryPoint","urlTemplate":"https:\/\/www.celian.lu\/fr\/?s={search_term_string}"},"query-input":{"@type":"PropertyValueSpecification","valueRequired":true,"valueName":"search_term_string"}}],"inLanguage":"fr-FR"},{"@type":"Organization","@id":"https:\/\/www.celian.lu\/fr\/#organization","name":"Celian","url":"https:\/\/www.celian.lu\/fr\/","logo":{"@type":"ImageObject","inLanguage":"fr-FR","@id":"https:\/\/www.celian.lu\/fr\/#\/schema\/logo\/image\/","url":"https:\/\/www.celian.lu\/wp-content\/uploads\/2022\/03\/logo-celian-gris-e1658332315188.png","contentUrl":"https:\/\/www.celian.lu\/wp-content\/uploads\/2022\/03\/logo-celian-gris-e1658332315188.png","width":1341,"height":403,"caption":"Celian"},"image":{"@id":"https:\/\/www.celian.lu\/fr\/#\/schema\/logo\/image\/"}}]}},"_links":{"self":[{"href":"https:\/\/www.celian.lu\/fr\/wp-json\/wp\/v2\/pages\/1943","targetHints":{"allow":["GET"]}}],"collection":[{"href":"https:\/\/www.celian.lu\/fr\/wp-json\/wp\/v2\/pages"}],"about":[{"href":"https:\/\/www.celian.lu\/fr\/wp-json\/wp\/v2\/types\/page"}],"author":[{"embeddable":true,"href":"https:\/\/www.celian.lu\/fr\/wp-json\/wp\/v2\/users\/3"}],"replies":[{"embeddable":true,"href":"https:\/\/www.celian.lu\/fr\/wp-json\/wp\/v2\/comments?post=1943"}],"version-history":[{"count":3,"href":"https:\/\/www.celian.lu\/fr\/wp-json\/wp\/v2\/pages\/1943\/revisions"}],"predecessor-version":[{"id":2092,"href":"https:\/\/www.celian.lu\/fr\/wp-json\/wp\/v2\/pages\/1943\/revisions\/2092"}],"wp:attachment":[{"href":"https:\/\/www.celian.lu\/fr\/wp-json\/wp\/v2\/media?parent=1943"}],"curies":[{"name":"wp","href":"https:\/\/api.w.org\/{rel}","templated":true}]}}